{"id":590,"date":"2024-01-27T18:38:14","date_gmt":"2024-01-27T15:38:14","guid":{"rendered":"https:\/\/sahibindencivciv.com\/?page_id=590"},"modified":"2026-02-22T15:34:34","modified_gmt":"2026-02-22T12:34:34","slug":"sivil-fiyat-listesi","status":"publish","type":"page","link":"https:\/\/sahibindencivciv.com\/index.php\/sivil-fiyat-listesi\/","title":{"rendered":"C\u0130VC\u0130V F\u0130YAT L\u0130STES\u0130"},"content":{"rendered":"\n<h2 class=\"wp-block-heading has-text-align-center\"><strong>TOPTAN C\u0130VC\u0130V F\u0130YATLARI <\/strong><\/h2>\n\n\n\n<p class=\"has-text-align-center has-neve-text-color-color has-neve-link-color-background-color has-text-color has-background has-link-color wp-elements-06b4af53108c5bb03cadc75ab76c71b2\" style=\"font-size:32px\"><strong>Beyaz horoz pazar civcivi <\/strong><\/p>\n\n\n\n<p class=\"has-text-align-center has-background has-large-font-size\" style=\"background-color:#fcfa3a\"><strong><font dir=\"auto\" style=\"vertical-align: inherit;\"><font dir=\"auto\" style=\"vertical-align: inherit;\">10 TL<\/font><\/font><\/strong><\/p>\n\n\n\n<p class=\"has-text-align-center has-neve-link-color-background-color has-background\" style=\"font-size:32px\"><strong>Siyah pleymut \u00e7il horoz<\/strong><\/p>\n\n\n\n<p class=\"has-text-align-center has-background has-large-font-size\" style=\"background-color:#fcfa3a\"><strong><font dir=\"auto\" style=\"vertical-align: inherit;\"><font dir=\"auto\" style=\"vertical-align: inherit;\">15 TL<\/font><\/font><\/strong><\/p>\n\n\n\n<p class=\"has-text-align-center has-neve-link-color-background-color has-background\" style=\"font-size:32px\"><strong>Beyaz etlik 308 ross broiler marka<\/strong><\/p>\n\n\n\n<p class=\"has-text-align-center has-background has-large-font-size\" style=\"background-color:#fcfa3a\"><strong><font dir=\"auto\" style=\"vertical-align: inherit;\"><font dir=\"auto\" style=\"vertical-align: inherit;\">35 TL<\/font><\/font><\/strong><\/p>\n\n\n\n<p class=\"has-text-align-center has-neve-link-color-background-color has-background\" style=\"font-size:32px\"><strong>Kar\u0131\u015f\u0131k k\u00f6y civcivi organik<\/strong><\/p>\n\n\n\n<p class=\"has-text-align-center has-background has-large-font-size\" style=\"background-color:#fcfa3a\"><strong><font dir=\"auto\" style=\"vertical-align: inherit;\"><font dir=\"auto\" style=\"vertical-align: inherit;\">35 TL<\/font><\/font><\/strong><\/p>\n\n\n\n<p class=\"has-text-align-center has-neve-link-color-background-color has-background\" style=\"font-size:32px\"><strong>Orjinal k\u0131rm\u0131z\u0131 etlik sasso marka<\/strong><\/p>\n\n\n\n<p class=\"has-text-align-center has-background has-large-font-size\" style=\"background-color:#fcfa3a\"><strong><font dir=\"auto\" style=\"vertical-align: inherit;\"><font dir=\"auto\" style=\"vertical-align: inherit;\">45 TL<\/font><\/font><\/strong><\/p>\n\n\n\n<p class=\"has-text-align-center has-neve-link-color-background-color has-background\" style=\"font-size:32px\"><strong>%100 di\u015fi saso cinsi yumurta civcivi<\/strong><\/p>\n\n\n\n<p class=\"has-text-align-center has-background has-large-font-size\" style=\"background-color:#fcfa3a\"><strong><font dir=\"auto\" style=\"vertical-align: inherit;\"><font dir=\"auto\" style=\"vertical-align: inherit;\">50 TL<\/font><\/font><\/strong><\/p>\n\n\n\n<p class=\"has-text-align-center has-neve-link-color-background-color has-background\" style=\"font-size:32px\"><strong>Orjinal Ataks %100 di\u015fi<\/strong><\/p>\n\n\n\n<p class=\"has-text-align-center has-background has-large-font-size\" style=\"background-color:#fcfa3a\"><strong><font dir=\"auto\" style=\"vertical-align: inherit;\"><font dir=\"auto\" style=\"vertical-align: inherit;\">55TL<\/font><\/font><\/strong><\/p>\n\n\n\n<p class=\"has-text-align-center has-neve-link-color-background-color has-background\" style=\"font-size:32px\"><strong>Tinted yumurta civcivi<\/strong><\/p>\n\n\n\n<p class=\"has-text-align-center has-background has-large-font-size\" style=\"background-color:#fcfa3a\"><strong><font dir=\"auto\" style=\"vertical-align: inherit;\"><font dir=\"auto\" style=\"vertical-align: inherit;\">55 TL<\/font><\/font><\/strong><\/p>\n\n\n\n<p class=\"has-text-align-center has-neve-link-color-background-color has-background\" style=\"font-size:32px\"><strong>Di\u015fi erkek kar\u0131\u015f\u0131k australorp<\/strong><\/p>\n\n\n\n<p class=\"has-text-align-center has-background has-large-font-size\" style=\"background-color:#fcfa3a\"><strong>  tl<\/strong><\/p>\n\n\n\n<p class=\"has-text-align-center has-neve-link-color-background-color has-background\" style=\"font-size:32px\"><strong>Orjinal Pekin \u00f6rde\u011fi<\/strong><\/p>\n\n\n\n<p class=\"has-text-align-center has-background has-large-font-size\" style=\"background-color:#fcfa3a\"><strong><font dir=\"auto\" style=\"vertical-align: inherit;\"><font dir=\"auto\" style=\"vertical-align: inherit;\">70 TL<\/font><\/font><\/strong><\/p>\n\n\n\n<p class=\"has-text-align-center has-neve-link-color-background-color has-background\" style=\"font-size:32px\"><strong>Orvia ct 5 frans\u0131z marka etlik \u00f6rdek<\/strong><\/p>\n\n\n\n<p class=\"has-text-align-center has-background has-large-font-size\" style=\"background-color:#fcfa3a\"><strong><font dir=\"auto\" style=\"vertical-align: inherit;\"><font dir=\"auto\" style=\"vertical-align: inherit;\">90 TL<\/font><\/font><\/strong><\/p>\n\n\n\n<p class=\"has-text-align-center has-neve-link-color-background-color has-background\" style=\"font-size:32px\"><strong>Siyah hindi<\/strong><\/p>\n\n\n\n<p class=\"has-text-align-center has-background has-large-font-size\" style=\"background-color:#fcfa3a\"><strong><font dir=\"auto\" style=\"vertical-align: inherit;\"><font dir=\"auto\" style=\"vertical-align: inherit;\">175 TL<\/font><\/font><\/strong><\/p>\n\n\n\n<p class=\"has-text-align-center has-neve-link-color-background-color has-background\" style=\"font-size:32px\"><strong>Beyaz Kanada etlik hindi<\/strong><\/p>\n\n\n\n<p class=\"has-text-align-center has-background has-large-font-size\" style=\"background-color:#fcfa3a\"><strong>tl<\/strong><\/p>\n\n\n\n<p class=\"has-text-align-left\"><strong>Not:<\/strong> G\u00f6nderimler ( BURSA) dan otob\u00fcsle yap\u0131l\u0131yor, olaki yolda herhangi bir zayiat olursa firmam\u0131z taraf\u0131ndan kar\u015f\u0131lanmaktad\u0131r.<\/p>\n\n\n\n<p class=\"has-text-align-left\"><strong> En az sat\u0131\u015f\u0131m\u0131z 200 adettir.<\/strong><\/p>\n\n\n\n<p>\u00dcr\u00fcnlerimiz bir g\u00fcnl\u00fck yavru iken g\u00f6nderim yap\u0131l\u0131yor.<\/p>\n\n\n\n<p class=\"has-text-color has-link-color wp-elements-e3b9ea0972df4487915b2babb39f3b09\" style=\"color:#ee2106\"><strong>L\u00dcTFEN D\u0130KKAT<\/strong><\/p>\n\n\n\n<p><strong>\u00dcr\u00fcn alaca\u011f\u0131n\u0131z zaman fiyat g\u00fcncellemesi olabilir.<\/strong><\/p>\n\n\n\n<p class=\"has-text-align-center has-background has-medium-font-size\" style=\"background-color:#00f808;font-style:normal;font-weight:700\">0532 437 45 23<\/p>\n\n\n\n<h2 class=\"wp-block-heading has-text-align-center has-background has-large-font-size\" style=\"background-color:#edf200;font-style:normal;font-weight:700\">Bir insana tamamen g\u00fcvendi\u011finiz zaman ya \u00f6m\u00fcrl\u00fck bir dost edinirsiniz ya da hayat\u0131n\u0131z\u0131n dersini al\u0131rs\u0131n\u0131z.<\/h2>\n","protected":false},"excerpt":{"rendered":"<p>TOPTAN C\u0130VC\u0130V F\u0130YATLARI Beyaz horoz pazar civcivi 10 TL Siyah pleymut \u00e7il horoz 15 TL Beyaz etlik 308 ross broiler marka 35 TL Kar\u0131\u015f\u0131k k\u00f6y civcivi organik 35 TL Orjinal k\u0131rm\u0131z\u0131 etlik sasso marka 45 TL %100 di\u015fi saso cinsi yumurta civcivi 50 TL Orjinal Ataks %100 di\u015fi 55TL Tinted yumurta civcivi 55 TL Di\u015fi&hellip;&nbsp;<a href=\"https:\/\/sahibindencivciv.com\/index.php\/sivil-fiyat-listesi\/\" rel=\"bookmark\">Read More &raquo;<span class=\"screen-reader-text\">C\u0130VC\u0130V F\u0130YAT L\u0130STES\u0130<\/span><\/a><\/p>\n","protected":false},"author":1,"featured_media":0,"parent":0,"menu_order":0,"comment_status":"closed","ping_status":"closed","template":"","meta":{"neve_meta_sidebar":"","neve_meta_container":"","neve_meta_enable_content_width":"","neve_meta_content_width":0,"neve_meta_title_alignment":"","neve_meta_author_avatar":"","neve_post_elements_order":"","neve_meta_disable_header":"","neve_meta_disable_footer":"","neve_meta_disable_title":"","_themeisle_gutenberg_block_has_review":false,"footnotes":""},"class_list":["post-590","page","type-page","status-publish","hentry"],"_links":{"self":[{"href":"https:\/\/sahibindencivciv.com\/index.php\/wp-json\/wp\/v2\/pages\/590","targetHints":{"allow":["GET"]}}],"collection":[{"href":"https:\/\/sahibindencivciv.com\/index.php\/wp-json\/wp\/v2\/pages"}],"about":[{"href":"https:\/\/sahibindencivciv.com\/index.php\/wp-json\/wp\/v2\/types\/page"}],"author":[{"embeddable":true,"href":"https:\/\/sahibindencivciv.com\/index.php\/wp-json\/wp\/v2\/users\/1"}],"replies":[{"embeddable":true,"href":"https:\/\/sahibindencivciv.com\/index.php\/wp-json\/wp\/v2\/comments?post=590"}],"version-history":[{"count":32,"href":"https:\/\/sahibindencivciv.com\/index.php\/wp-json\/wp\/v2\/pages\/590\/revisions"}],"predecessor-version":[{"id":757,"href":"https:\/\/sahibindencivciv.com\/index.php\/wp-json\/wp\/v2\/pages\/590\/revisions\/757"}],"wp:attachment":[{"href":"https:\/\/sahibindencivciv.com\/index.php\/wp-json\/wp\/v2\/media?parent=590"}],"curies":[{"name":"wp","href":"https:\/\/api.w.org\/{rel}","templated":true}]}}