{"id":5,"date":"2020-01-13T11:17:52","date_gmt":"2020-01-13T11:17:52","guid":{"rendered":"https:\/\/demosites.io\/web-agency-gb\/?page_id=5"},"modified":"2024-03-14T17:19:48","modified_gmt":"2024-03-14T14:19:48","slug":"15c42-web-agency-gb-home","status":"publish","type":"page","link":"https:\/\/sahibindencivciv.com\/","title":{"rendered":"Anasayfa"},"content":{"rendered":"\n<figure class=\"wp-block-video\"><video height=\"480\" style=\"aspect-ratio: 640 \/ 480;\" width=\"640\" autoplay controls src=\"https:\/\/sahibindencivciv.com\/wp-content\/uploads\/2024\/01\/3b69bb8c-2ea9-41a9-9fbe-574c1305f353.mp4\" playsinline><\/video><\/figure>\n\n\n\n<h2 class=\"wp-block-heading has-text-align-center has-text-color has-link-color wp-elements-7fcff9a48bcebe24d58e2b7681fc784e\" style=\"color:#ff9d00\">Sahibinden civciv<\/h2>\n\n\n\n<h3 class=\"wp-block-heading has-text-align-center has-text-color has-link-color wp-elements-758ad390bd10fd32faed51ae62b868f1\" style=\"color:#da1900\">35 YILDIR BURSA&#8217;DA TAVUK\u00c7ULUK SEKT\u00d6R\u00dcNDE<br>FAAL\u0130YET G\u00d6STERMEKTEY\u0130Z.<\/h3>\n\n\n\n<h3 class=\"wp-block-heading has-text-align-center has-text-color has-link-color wp-elements-f0f999cc623f3f8246d0b50373c0455c\" style=\"color:#00b106\">F\u0130RMAMIZ TARIM BAKANLI\u011eI ONAYLIDIR.<br>T\u00dcRK\u0130YE&#8217;DEK\u0130 Z\u0130RAAT ODALARININ B\u0130R \u00c7O\u011eUNA F\u0130RMAMIZ \u00dcR\u00dcN VERMEKTED\u0130R.<br>SATTI\u011eIMIZ TAVUKLARDA HERHANG\u0130 B\u0130R RAHATSIZLIK G\u00d6R\u00dcL\u00dcRSE \u00dcR\u00dcN\u00dc GER\u0130 ALMA GARANT\u0130S\u0130 VER\u0130YORUZ.<\/h3>\n\n\n\n<h1 class=\"wp-block-heading has-text-align-center has-text-color has-link-color wp-elements-bef259648cac5b90e8edadccfae3bbbb\" style=\"color:#00b106\">  Civciv \u00c7e\u015fitleri <\/h1>\n\n\n\n<h2 class=\"wp-block-heading has-text-align-center has-text-color has-link-color has-x-large-font-size wp-elements-02899d0e572b7b30efcb6b413fca19b7\" style=\"color:#ff9d00;font-style:normal;font-weight:700;text-transform:uppercase\">Yumurtal\u0131k Civciv<\/h2>\n\n\n\n<div class=\"wp-block-columns is-layout-flex wp-container-core-columns-is-layout-9d6595d7 wp-block-columns-is-layout-flex\">\n<div class=\"wp-block-column is-layout-flow wp-block-column-is-layout-flow\">\n<h3 class=\"wp-block-heading has-text-align-center has-neve-text-color-color has-text-color has-large-font-size\">Atak-s <\/h3>\n\n\n\n<ul class=\"wp-block-list\">\n<li class=\"has-medium-font-size\">%100 di\u015fi olarak g\u00f6nderilmektedir.<\/li>\n\n\n\n<li class=\"has-medium-font-size\">\u00dcr\u00fcnlerimiz 1 g\u00fcnl\u00fck civciv olup, ilk a\u015f\u0131s\u0131 (marek) yap\u0131l\u0131p g\u00f6nderilmektedir.<\/li>\n\n\n\n<li class=\"has-medium-font-size\">Minimum sat\u0131\u015f\u0131m\u0131z  200 adettir.<\/li>\n<\/ul>\n\n\n\n<figure class=\"wp-block-gallery aligncenter has-nested-images columns-default is-cropped wp-block-gallery-1 is-layout-flex wp-block-gallery-is-layout-flex\">\n<figure class=\"wp-block-image size-large has-custom-border icon-style is-style-rounded\"><img loading=\"lazy\" decoding=\"async\" width=\"768\" height=\"1024\" data-id=\"522\" src=\"https:\/\/sahibindencivciv.com\/wp-content\/uploads\/2024\/01\/Adsiz-tasarim-12-768x1024.png\" alt=\"\" class=\"wp-image-522\" style=\"border-style:none;border-width:0px;border-radius:0px\" title=\"\" srcset=\"https:\/\/sahibindencivciv.com\/wp-content\/uploads\/2024\/01\/Adsiz-tasarim-12-768x1025.png 768w, https:\/\/sahibindencivciv.com\/wp-content\/uploads\/2024\/01\/Adsiz-tasarim-12-225x300.png 225w, https:\/\/sahibindencivciv.com\/wp-content\/uploads\/2024\/01\/Adsiz-tasarim-12-1151x1536.png 1151w, https:\/\/sahibindencivciv.com\/wp-content\/uploads\/2024\/01\/Adsiz-tasarim-12.png 1535w\" sizes=\"auto, (max-width: 768px) 100vw, 768px\" \/><\/figure>\n<\/figure>\n\n\n\n<div style=\"height:20px\" aria-hidden=\"true\" class=\"wp-block-spacer\"><\/div>\n\n\n\n<div style=\"height:20px\" aria-hidden=\"true\" class=\"wp-block-spacer\"><\/div>\n<\/div>\n\n\n\n<div class=\"wp-block-column is-layout-flow wp-block-column-is-layout-flow\">\n<h3 class=\"wp-block-heading has-text-align-center has-neve-text-color-color has-text-color has-large-font-size\">Kel civciv (Turken)<\/h3>\n\n\n\n<ul class=\"wp-block-list\">\n<li class=\"has-medium-font-size\">Yar\u0131 yar\u0131ya di\u015fi erkek kar\u0131\u015f\u0131kt\u0131rlar.<\/li>\n\n\n\n<li class=\"has-medium-font-size\">\u00dcr\u00fcnlerimiz 1 g\u00fcnl\u00fck civciv olup, ilk a\u015f\u0131s\u0131 (marek) yap\u0131l\u0131p g\u00f6nderilmektedir.<\/li>\n\n\n\n<li class=\"has-medium-font-size\">Minimum sat\u0131\u015f\u0131m\u0131z  200 adettir.<\/li>\n<\/ul>\n\n\n\n<figure class=\"wp-block-gallery aligncenter has-nested-images columns-default is-cropped wp-block-gallery-2 is-layout-flex wp-block-gallery-is-layout-flex\">\n<figure class=\"wp-block-image size-large has-custom-border icon-style is-style-rounded\"><img loading=\"lazy\" decoding=\"async\" width=\"768\" height=\"1024\" data-id=\"653\" src=\"https:\/\/sahibindencivciv.com\/wp-content\/uploads\/2024\/01\/Adsiz-tasarim-12-3-768x1024.png\" alt=\"\" class=\"wp-image-653\" style=\"border-style:none;border-width:0px;border-radius:0px\" title=\"\" srcset=\"https:\/\/sahibindencivciv.com\/wp-content\/uploads\/2024\/01\/Adsiz-tasarim-12-3-768x1025.png 768w, https:\/\/sahibindencivciv.com\/wp-content\/uploads\/2024\/01\/Adsiz-tasarim-12-3-225x300.png 225w, https:\/\/sahibindencivciv.com\/wp-content\/uploads\/2024\/01\/Adsiz-tasarim-12-3-1151x1536.png 1151w, https:\/\/sahibindencivciv.com\/wp-content\/uploads\/2024\/01\/Adsiz-tasarim-12-3.png 1535w\" sizes=\"auto, (max-width: 768px) 100vw, 768px\" \/><\/figure>\n<\/figure>\n\n\n\n<div style=\"height:20px\" aria-hidden=\"true\" class=\"wp-block-spacer\"><\/div>\n\n\n\n<div style=\"height:20px\" aria-hidden=\"true\" class=\"wp-block-spacer\"><\/div>\n<\/div>\n\n\n\n<div class=\"wp-block-column is-layout-flow wp-block-column-is-layout-flow\">\n<h3 class=\"wp-block-heading has-text-align-center has-neve-text-color-color has-text-color has-large-font-size\">Blu australorp<\/h3>\n\n\n\n<ul class=\"wp-block-list\">\n<li class=\"has-medium-font-size\">Yar\u0131 yar\u0131ya di\u015fi erkek kar\u0131\u015f\u0131kt\u0131rlar.<\/li>\n\n\n\n<li class=\"has-medium-font-size\">\u00dcr\u00fcnlerimiz 1 g\u00fcnl\u00fck civciv olup, ilk a\u015f\u0131s\u0131 (marek) yap\u0131l\u0131p g\u00f6nderilmektedir.<\/li>\n\n\n\n<li class=\"has-medium-font-size\">Minimum sat\u0131\u015f\u0131m\u0131z  200 adettir.<\/li>\n<\/ul>\n\n\n\n<figure class=\"wp-block-gallery aligncenter has-nested-images columns-default is-cropped wp-block-gallery-3 is-layout-flex wp-block-gallery-is-layout-flex\">\n<figure class=\"wp-block-image size-full has-custom-border icon-style is-style-default\"><img loading=\"lazy\" decoding=\"async\" width=\"1535\" height=\"2048\" data-id=\"513\" src=\"https:\/\/sahibindencivciv.com\/wp-content\/uploads\/2024\/01\/Adsiz-tasarim-3.png\" alt=\"\" class=\"wp-image-513\" style=\"border-style:none;border-width:0px;border-radius:100px\" srcset=\"https:\/\/sahibindencivciv.com\/wp-content\/uploads\/2024\/01\/Adsiz-tasarim-3.png 1535w, https:\/\/sahibindencivciv.com\/wp-content\/uploads\/2024\/01\/Adsiz-tasarim-3-225x300.png 225w, https:\/\/sahibindencivciv.com\/wp-content\/uploads\/2024\/01\/Adsiz-tasarim-3-768x1025.png 768w, https:\/\/sahibindencivciv.com\/wp-content\/uploads\/2024\/01\/Adsiz-tasarim-3-1151x1536.png 1151w\" sizes=\"auto, (max-width: 1535px) 100vw, 1535px\" \/><\/figure>\n<\/figure>\n\n\n\n<div style=\"height:20px\" aria-hidden=\"true\" class=\"wp-block-spacer\"><\/div>\n\n\n\n<div style=\"height:20px\" aria-hidden=\"true\" class=\"wp-block-spacer\"><\/div>\n<\/div>\n\n\n\n<div class=\"wp-block-column is-layout-flow wp-block-column-is-layout-flow\">\n<h3 class=\"wp-block-heading has-text-align-center has-neve-text-color-color has-text-color has-large-font-size\">Tinted <\/h3>\n\n\n\n<ul class=\"wp-block-list\">\n<li class=\"has-medium-font-size\">%100 di\u015fi olarak g\u00f6nderilmektedir.<\/li>\n\n\n\n<li class=\"has-medium-font-size\">\u00dcr\u00fcnlerimiz 1 g\u00fcnl\u00fck civciv olup, ilk a\u015f\u0131s\u0131 (marek) yap\u0131l\u0131p g\u00f6nderilmektedir.<\/li>\n\n\n\n<li class=\"has-medium-font-size\">Minimum sat\u0131\u015f\u0131m\u0131z  200 adettir.<\/li>\n<\/ul>\n\n\n\n<figure class=\"wp-block-gallery aligncenter has-nested-images columns-default is-cropped wp-block-gallery-4 is-layout-flex wp-block-gallery-is-layout-flex\">\n<figure class=\"wp-block-image size-large\"><img loading=\"lazy\" decoding=\"async\" width=\"768\" height=\"1024\" data-id=\"652\" src=\"https:\/\/sahibindencivciv.com\/wp-content\/uploads\/2024\/01\/Adsiz-tasarim-11-768x1024.png\" alt=\"\" class=\"wp-image-652\" srcset=\"https:\/\/sahibindencivciv.com\/wp-content\/uploads\/2024\/01\/Adsiz-tasarim-11-768x1025.png 768w, https:\/\/sahibindencivciv.com\/wp-content\/uploads\/2024\/01\/Adsiz-tasarim-11-225x300.png 225w, https:\/\/sahibindencivciv.com\/wp-content\/uploads\/2024\/01\/Adsiz-tasarim-11-1151x1536.png 1151w, https:\/\/sahibindencivciv.com\/wp-content\/uploads\/2024\/01\/Adsiz-tasarim-11.png 1535w\" sizes=\"auto, (max-width: 768px) 100vw, 768px\" \/><\/figure>\n<\/figure>\n<\/div>\n<\/div>\n\n\n\n<div class=\"wp-block-columns is-layout-flex wp-container-core-columns-is-layout-9d6595d7 wp-block-columns-is-layout-flex\">\n<div class=\"wp-block-column is-layout-flow wp-block-column-is-layout-flow\">\n<h3 class=\"wp-block-heading has-text-align-center has-neve-text-color-color has-text-color has-large-font-size\">Sussex <\/h3>\n\n\n\n<ul class=\"wp-block-list\">\n<li class=\"has-medium-font-size\">Yar\u0131 yar\u0131ya di\u015fi erkek kar\u0131\u015f\u0131kt\u0131rlar.<\/li>\n\n\n\n<li class=\"has-medium-font-size\">\u00dcr\u00fcnlerimiz 1 g\u00fcnl\u00fck civciv olup, ilk a\u015f\u0131s\u0131 (marek) yap\u0131l\u0131p g\u00f6nderilmektedir.<\/li>\n\n\n\n<li class=\"has-medium-font-size\">Minimum sat\u0131\u015f\u0131m\u0131z  200 adettir.<\/li>\n<\/ul>\n\n\n\n<figure class=\"wp-block-gallery aligncenter has-nested-images columns-default is-cropped wp-block-gallery-5 is-layout-flex wp-block-gallery-is-layout-flex\">\n<figure class=\"wp-block-image size-full has-custom-border icon-style is-style-rounded\"><img loading=\"lazy\" decoding=\"async\" width=\"1535\" height=\"2048\" data-id=\"529\" src=\"https:\/\/sahibindencivciv.com\/wp-content\/uploads\/2024\/01\/Adsiz-tasarim-7.png\" alt=\"\" class=\"wp-image-529\" style=\"border-radius:68px\" title=\"\" srcset=\"https:\/\/sahibindencivciv.com\/wp-content\/uploads\/2024\/01\/Adsiz-tasarim-7.png 1535w, https:\/\/sahibindencivciv.com\/wp-content\/uploads\/2024\/01\/Adsiz-tasarim-7-225x300.png 225w, https:\/\/sahibindencivciv.com\/wp-content\/uploads\/2024\/01\/Adsiz-tasarim-7-768x1025.png 768w, https:\/\/sahibindencivciv.com\/wp-content\/uploads\/2024\/01\/Adsiz-tasarim-7-1151x1536.png 1151w\" sizes=\"auto, (max-width: 1535px) 100vw, 1535px\" \/><\/figure>\n<\/figure>\n<\/div>\n\n\n\n<div class=\"wp-block-column is-layout-flow wp-block-column-is-layout-flow\">\n<h3 class=\"wp-block-heading has-text-align-center has-neve-text-color-color has-text-color has-large-font-size\">Kar\u0131\u015f\u0131k K\u00f6y Civcivi<\/h3>\n\n\n\n<ul class=\"wp-block-list\">\n<li class=\"has-medium-font-size\">Yar\u0131 yar\u0131ya di\u015fi erkek kar\u0131\u015f\u0131kt\u0131rlar.<\/li>\n\n\n\n<li class=\"has-medium-font-size\">\u00dcr\u00fcnlerimiz 1 g\u00fcnl\u00fck civciv olup, ilk a\u015f\u0131s\u0131 (marek) yap\u0131l\u0131p g\u00f6nderilmektedir.<\/li>\n\n\n\n<li class=\"has-medium-font-size\">Minimum sat\u0131\u015f\u0131m\u0131z  200 adettir.<\/li>\n<\/ul>\n\n\n\n<figure class=\"wp-block-gallery aligncenter has-nested-images columns-default is-cropped wp-block-gallery-6 is-layout-flex wp-block-gallery-is-layout-flex\">\n<figure class=\"wp-block-image size-large has-custom-border icon-style is-style-default\"><img loading=\"lazy\" decoding=\"async\" width=\"768\" height=\"1024\" data-id=\"530\" src=\"https:\/\/sahibindencivciv.com\/wp-content\/uploads\/2024\/01\/Adsiz-tasarim-8-768x1024.png\" alt=\"\" class=\"wp-image-530\" style=\"border-style:none;border-width:0px;border-radius:0px\" srcset=\"https:\/\/sahibindencivciv.com\/wp-content\/uploads\/2024\/01\/Adsiz-tasarim-8-768x1025.png 768w, https:\/\/sahibindencivciv.com\/wp-content\/uploads\/2024\/01\/Adsiz-tasarim-8-225x300.png 225w, https:\/\/sahibindencivciv.com\/wp-content\/uploads\/2024\/01\/Adsiz-tasarim-8-1151x1536.png 1151w, https:\/\/sahibindencivciv.com\/wp-content\/uploads\/2024\/01\/Adsiz-tasarim-8.png 1535w\" sizes=\"auto, (max-width: 768px) 100vw, 768px\" \/><\/figure>\n<\/figure>\n<\/div>\n\n\n\n<div class=\"wp-block-column is-layout-flow wp-block-column-is-layout-flow\">\n<h3 class=\"wp-block-heading has-text-align-center has-neve-text-color-color has-text-color has-large-font-size\">%100 Di\u015fi Sasso<\/h3>\n\n\n\n<ul class=\"wp-block-list\">\n<li class=\"has-medium-font-size\">%100 di\u015fi olarak g\u00f6nderilmektedir.<\/li>\n\n\n\n<li class=\"has-medium-font-size\">\u00dcr\u00fcnlerimiz 1 g\u00fcnl\u00fck civciv olup, ilk a\u015f\u0131s\u0131 (marek) yap\u0131l\u0131p g\u00f6nderilmektedir.<\/li>\n\n\n\n<li class=\"has-medium-font-size\">Irklar aras\u0131nda en fazla \u00e7ift sar\u0131 yumurta yapan cinstir.<\/li>\n\n\n\n<li class=\"has-medium-font-size\">Minimum sat\u0131\u015f\u0131m\u0131z  200 adettir.<\/li>\n<\/ul>\n\n\n\n<figure class=\"wp-block-gallery aligncenter has-nested-images columns-default is-cropped wp-block-gallery-7 is-layout-flex wp-block-gallery-is-layout-flex\">\n<figure class=\"wp-block-image size-large has-custom-border icon-style is-style-rounded\"><img loading=\"lazy\" decoding=\"async\" width=\"768\" height=\"1024\" data-id=\"528\" src=\"https:\/\/sahibindencivciv.com\/wp-content\/uploads\/2024\/01\/Adsiz-tasarim-768x1024.png\" alt=\"\" class=\"wp-image-528\" style=\"border-radius:100px\" srcset=\"https:\/\/sahibindencivciv.com\/wp-content\/uploads\/2024\/01\/Adsiz-tasarim-768x1025.png 768w, https:\/\/sahibindencivciv.com\/wp-content\/uploads\/2024\/01\/Adsiz-tasarim-225x300.png 225w, https:\/\/sahibindencivciv.com\/wp-content\/uploads\/2024\/01\/Adsiz-tasarim-1151x1536.png 1151w, https:\/\/sahibindencivciv.com\/wp-content\/uploads\/2024\/01\/Adsiz-tasarim.png 1535w\" sizes=\"auto, (max-width: 768px) 100vw, 768px\" \/><\/figure>\n<\/figure>\n<\/div>\n<\/div>\n\n\n\n<h2 class=\"wp-block-heading has-text-align-center has-text-color has-link-color has-x-large-font-size wp-elements-751f1becaf44c7b37bdaf3cfb070cc44\" style=\"color:#ff9d00;font-style:normal;font-weight:700;text-transform:uppercase\">Etlik Civciv Broiler <\/h2>\n\n\n\n<div class=\"wp-block-columns is-layout-flex wp-container-core-columns-is-layout-9d6595d7 wp-block-columns-is-layout-flex\">\n<div class=\"wp-block-column is-layout-flow wp-block-column-is-layout-flow\">\n<h3 class=\"wp-block-heading has-text-align-center has-neve-text-color-color has-text-color has-large-font-size\">Beyaz Etlik 308 Ross<\/h3>\n\n\n\n<ul class=\"wp-block-list\">\n<li class=\"has-medium-font-size\">Yar\u0131 yar\u0131ya di\u015fi erkek kar\u0131\u015f\u0131kt\u0131rlar.<\/li>\n\n\n\n<li class=\"has-medium-font-size\">45 g\u00fcnde kesime gelmektedir.<\/li>\n\n\n\n<li class=\"has-medium-font-size\">Orjinal 1. kan Beyaz etlik 308 ross.<\/li>\n\n\n\n<li class=\"has-medium-font-size\">\u00dcr\u00fcnlerimiz 1 g\u00fcnl\u00fck civciv olarak g\u00f6nderilmektedir.<\/li>\n\n\n\n<li class=\"has-medium-font-size\">Minimum sat\u0131\u015f\u0131m\u0131z 200  adettir.<\/li>\n<\/ul>\n\n\n\n<figure class=\"wp-block-gallery aligncenter has-nested-images columns-default is-cropped wp-block-gallery-8 is-layout-flex wp-block-gallery-is-layout-flex\">\n<figure class=\"wp-block-image size-large has-custom-border icon-style is-style-default\"><img loading=\"lazy\" decoding=\"async\" width=\"768\" height=\"1024\" data-id=\"516\" src=\"https:\/\/sahibindencivciv.com\/wp-content\/uploads\/2024\/01\/Adsiz-tasarim-4-768x1024.png\" alt=\"\" class=\"wp-image-516\" style=\"border-style:none;border-width:0px;border-radius:0px\" title=\"\" srcset=\"https:\/\/sahibindencivciv.com\/wp-content\/uploads\/2024\/01\/Adsiz-tasarim-4-768x1025.png 768w, https:\/\/sahibindencivciv.com\/wp-content\/uploads\/2024\/01\/Adsiz-tasarim-4-225x300.png 225w, https:\/\/sahibindencivciv.com\/wp-content\/uploads\/2024\/01\/Adsiz-tasarim-4-1151x1536.png 1151w, https:\/\/sahibindencivciv.com\/wp-content\/uploads\/2024\/01\/Adsiz-tasarim-4.png 1535w\" sizes=\"auto, (max-width: 768px) 100vw, 768px\" \/><\/figure>\n<\/figure>\n<\/div>\n\n\n\n<div class=\"wp-block-column is-layout-flow wp-block-column-is-layout-flow\">\n<h3 class=\"wp-block-heading has-text-align-center has-neve-text-color-color has-text-color has-large-font-size\">Sasso K\u0131rm\u0131z\u0131 Etlik <\/h3>\n\n\n\n<ul class=\"wp-block-list\">\n<li class=\"has-medium-font-size\">Yar\u0131 yar\u0131ya di\u015fi erkek kar\u0131\u015f\u0131kt\u0131rlar.<\/li>\n\n\n\n<li class=\"has-medium-font-size\">Hem etlik, hem yumurtal\u0131kt\u0131r. <\/li>\n\n\n\n<li class=\"has-medium-font-size\">75 g\u00fcnde kesime gelmektedir.<\/li>\n\n\n\n<li class=\"has-medium-font-size\">\u00dcr\u00fcnlerimiz 1 g\u00fcnl\u00fck civciv olarak g\u00f6nderilmektedir.<\/li>\n\n\n\n<li class=\"has-medium-font-size\">Minimum at\u0131\u015f\u0131m\u0131z  200 adettir.<\/li>\n<\/ul>\n\n\n\n<figure class=\"wp-block-gallery aligncenter has-nested-images columns-default is-cropped wp-block-gallery-9 is-layout-flex wp-block-gallery-is-layout-flex\">\n<figure class=\"wp-block-image size-full has-custom-border icon-style is-style-default\"><img loading=\"lazy\" decoding=\"async\" width=\"1535\" height=\"2048\" data-id=\"598\" src=\"https:\/\/sahibindencivciv.com\/wp-content\/uploads\/2024\/01\/Adsiz-tasarim-10.png\" alt=\"\" class=\"wp-image-598\" style=\"border-style:none;border-width:0px;border-radius:100px\" srcset=\"https:\/\/sahibindencivciv.com\/wp-content\/uploads\/2024\/01\/Adsiz-tasarim-10.png 1535w, https:\/\/sahibindencivciv.com\/wp-content\/uploads\/2024\/01\/Adsiz-tasarim-10-225x300.png 225w, https:\/\/sahibindencivciv.com\/wp-content\/uploads\/2024\/01\/Adsiz-tasarim-10-768x1025.png 768w, https:\/\/sahibindencivciv.com\/wp-content\/uploads\/2024\/01\/Adsiz-tasarim-10-1151x1536.png 1151w\" sizes=\"auto, (max-width: 1535px) 100vw, 1535px\" \/><\/figure>\n<\/figure>\n<\/div>\n<\/div>\n\n\n\n<h2 class=\"wp-block-heading has-text-align-center has-text-color has-link-color has-x-large-font-size wp-elements-7946f2ee00b42435d1c8fdb9b558abd3\" style=\"color:#ff9d00;text-transform:uppercase\">Horoz Civcivleri  <\/h2>\n\n\n\n<div class=\"wp-block-columns is-layout-flex wp-container-core-columns-is-layout-9d6595d7 wp-block-columns-is-layout-flex\">\n<div class=\"wp-block-column is-layout-flow wp-block-column-is-layout-flow\">\n<h3 class=\"wp-block-heading has-text-align-center has-neve-text-color-color has-text-color has-large-font-size\">Pleymut \u00c7il Horoz<\/h3>\n\n\n\n<ul class=\"has-medium-font-size wp-block-list\">\n<li class=\"has-medium-font-size\">Tamamen horozdur.<\/li>\n\n\n\n<li class=\"has-medium-font-size\">3 kg civar\u0131na ula\u015f\u0131r.<\/li>\n\n\n\n<li class=\"has-medium-font-size\">\u00dcr\u00fcnlerimiz 1 g\u00fcnl\u00fck civciv olarak g\u00f6nderilmektedir.<\/li>\n\n\n\n<li class=\"has-medium-font-size\">Minimum sat\u0131\u015f\u0131m\u0131z  200 adettir.<\/li>\n<\/ul>\n\n\n\n<figure class=\"wp-block-gallery aligncenter has-nested-images columns-default is-cropped wp-block-gallery-10 is-layout-flex wp-block-gallery-is-layout-flex\">\n<figure class=\"wp-block-image size-large has-custom-border icon-style is-style-default\"><img loading=\"lazy\" decoding=\"async\" width=\"768\" height=\"1024\" data-id=\"559\" src=\"https:\/\/sahibindencivciv.com\/wp-content\/uploads\/2024\/01\/Adsiz-tasarim-1-768x1024.png\" alt=\"\" class=\"wp-image-559\" style=\"border-style:none;border-width:0px;border-radius:0px\" title=\"\" srcset=\"https:\/\/sahibindencivciv.com\/wp-content\/uploads\/2024\/01\/Adsiz-tasarim-1-768x1025.png 768w, https:\/\/sahibindencivciv.com\/wp-content\/uploads\/2024\/01\/Adsiz-tasarim-1-225x300.png 225w, https:\/\/sahibindencivciv.com\/wp-content\/uploads\/2024\/01\/Adsiz-tasarim-1-1151x1536.png 1151w, https:\/\/sahibindencivciv.com\/wp-content\/uploads\/2024\/01\/Adsiz-tasarim-1.png 1535w\" sizes=\"auto, (max-width: 768px) 100vw, 768px\" \/><\/figure>\n<\/figure>\n<\/div>\n\n\n\n<div class=\"wp-block-column is-layout-flow wp-block-column-is-layout-flow\">\n<h3 class=\"wp-block-heading has-text-align-center has-neve-text-color-color has-text-color has-large-font-size\">Beyaz Horoz <\/h3>\n\n\n\n<ul class=\"has-medium-font-size wp-block-list\">\n<li>Tamamen horozdur.<\/li>\n\n\n\n<li>Pazarc\u0131lar i\u00e7indir, 1 kg civar\u0131na ula\u015f\u0131r.<\/li>\n\n\n\n<li>\u00dcr\u00fcnlerimiz 1 g\u00fcnl\u00fck civciv olarak g\u00f6nderilmektedir.<\/li>\n\n\n\n<li>Minimum sat\u0131\u015f\u0131m\u0131z  200 adettir.<\/li>\n<\/ul>\n\n\n\n<figure class=\"wp-block-gallery aligncenter has-nested-images columns-default is-cropped wp-block-gallery-11 is-layout-flex wp-block-gallery-is-layout-flex\">\n<figure class=\"wp-block-image size-full has-custom-border icon-style is-style-default\"><img loading=\"lazy\" decoding=\"async\" width=\"1535\" height=\"2048\" data-id=\"561\" src=\"https:\/\/sahibindencivciv.com\/wp-content\/uploads\/2024\/01\/Adsiz-tasarim-6.png\" alt=\"\" class=\"wp-image-561\" style=\"border-style:none;border-width:0px;border-radius:100px\" srcset=\"https:\/\/sahibindencivciv.com\/wp-content\/uploads\/2024\/01\/Adsiz-tasarim-6.png 1535w, https:\/\/sahibindencivciv.com\/wp-content\/uploads\/2024\/01\/Adsiz-tasarim-6-225x300.png 225w, https:\/\/sahibindencivciv.com\/wp-content\/uploads\/2024\/01\/Adsiz-tasarim-6-768x1025.png 768w, https:\/\/sahibindencivciv.com\/wp-content\/uploads\/2024\/01\/Adsiz-tasarim-6-1151x1536.png 1151w\" sizes=\"auto, (max-width: 1535px) 100vw, 1535px\" \/><\/figure>\n<\/figure>\n<\/div>\n<\/div>\n\n\n\n<h2 class=\"wp-block-heading has-text-align-center has-background has-medium-font-size\" style=\"background-color:#18f123;font-style:normal;font-weight:700\">0532 437 45 23<\/h2>\n\n\n\n<h2 class=\"wp-block-heading has-text-align-center has-background has-large-font-size\" style=\"background-color:#edf200;font-style:normal;font-weight:700\">Bir insana tamamen g\u00fcvendi\u011finiz zaman ya \u00f6m\u00fcrl\u00fck bir dost edinirsiniz ya da hayat\u0131n\u0131z\u0131n dersini al\u0131rs\u0131n\u0131z.<\/h2>\n\n\n\n<p class=\"has-large-font-size\"><\/p>\n\n\n\n<p><\/p>\n\n\n\n<h2 class=\"wp-block-heading has-text-align-center has-medium-font-size\" style=\"font-style:normal;font-weight:700\"><\/h2>\n","protected":false},"excerpt":{"rendered":"<p>Sahibinden civciv 35 YILDIR BURSA&#8217;DA TAVUK\u00c7ULUK SEKT\u00d6R\u00dcNDEFAAL\u0130YET G\u00d6STERMEKTEY\u0130Z. F\u0130RMAMIZ TARIM BAKANLI\u011eI ONAYLIDIR.T\u00dcRK\u0130YE&#8217;DEK\u0130 Z\u0130RAAT ODALARININ B\u0130R \u00c7O\u011eUNA F\u0130RMAMIZ \u00dcR\u00dcN VERMEKTED\u0130R.SATTI\u011eIMIZ TAVUKLARDA HERHANG\u0130 B\u0130R RAHATSIZLIK G\u00d6R\u00dcL\u00dcRSE \u00dcR\u00dcN\u00dc GER\u0130 ALMA GARANT\u0130S\u0130 VER\u0130YORUZ. Civciv \u00c7e\u015fitleri Yumurtal\u0131k Civciv Atak-s Kel civciv (Turken) Blu australorp Tinted Sussex Kar\u0131\u015f\u0131k K\u00f6y Civcivi %100 Di\u015fi Sasso Etlik Civciv Broiler Beyaz Etlik 308 Ross Sasso&hellip;&nbsp;<a href=\"https:\/\/sahibindencivciv.com\/\" rel=\"bookmark\">Read More &raquo;<span class=\"screen-reader-text\">Anasayfa<\/span><\/a><\/p>\n","protected":false},"author":1,"featured_media":0,"parent":0,"menu_order":0,"comment_status":"closed","ping_status":"closed","template":"","meta":{"neve_meta_sidebar":"default","neve_meta_container":"default","neve_meta_enable_content_width":"on","neve_meta_content_width":100,"neve_meta_title_alignment":"","neve_meta_author_avatar":"","neve_post_elements_order":"","neve_meta_disable_header":"","neve_meta_disable_footer":"","neve_meta_disable_title":"on","_themeisle_gutenberg_block_has_review":false,"footnotes":""},"class_list":["post-5","page","type-page","status-publish","hentry"],"_links":{"self":[{"href":"https:\/\/sahibindencivciv.com\/index.php\/wp-json\/wp\/v2\/pages\/5","targetHints":{"allow":["GET"]}}],"collection":[{"href":"https:\/\/sahibindencivciv.com\/index.php\/wp-json\/wp\/v2\/pages"}],"about":[{"href":"https:\/\/sahibindencivciv.com\/index.php\/wp-json\/wp\/v2\/types\/page"}],"author":[{"embeddable":true,"href":"https:\/\/sahibindencivciv.com\/index.php\/wp-json\/wp\/v2\/users\/1"}],"replies":[{"embeddable":true,"href":"https:\/\/sahibindencivciv.com\/index.php\/wp-json\/wp\/v2\/comments?post=5"}],"version-history":[{"count":44,"href":"https:\/\/sahibindencivciv.com\/index.php\/wp-json\/wp\/v2\/pages\/5\/revisions"}],"predecessor-version":[{"id":736,"href":"https:\/\/sahibindencivciv.com\/index.php\/wp-json\/wp\/v2\/pages\/5\/revisions\/736"}],"wp:attachment":[{"href":"https:\/\/sahibindencivciv.com\/index.php\/wp-json\/wp\/v2\/media?parent=5"}],"curies":[{"name":"wp","href":"https:\/\/api.w.org\/{rel}","templated":true}]}}